{"id":649,"date":"2023-10-05T11:48:32","date_gmt":"2023-10-05T15:48:32","guid":{"rendered":"https:\/\/redcientificacol.org\/?page_id=649"},"modified":"2025-06-25T14:02:36","modified_gmt":"2025-06-25T14:02:36","slug":"acerca-del-proyecto","status":"publish","type":"page","link":"https:\/\/redcientificacol.org\/index.php\/acerca-del-proyecto\/","title":{"rendered":"Proyecto"},"content":{"rendered":"\n<div class=\"wp-block-group alignfull has-background-color has-white-color has-black-background-color has-text-color has-background has-link-color wp-elements-a66769df7111e3caa55ba3d950adb56d has-global-padding is-layout-constrained wp-container-core-group-is-layout-23b1a4dc wp-block-group-is-layout-constrained\" style=\"padding-top:var(--wp--preset--spacing--30);padding-right:var(--wp--preset--spacing--30);padding-bottom:var(--wp--preset--spacing--30);padding-left:var(--wp--preset--spacing--30)\">\n<div class=\"wp-block-group alignwide is-content-justification-space-between is-layout-flex wp-container-core-group-is-layout-b585a4aa wp-block-group-is-layout-flex\">\n<div class=\"wp-block-group is-layout-flex wp-block-group-is-layout-flex\"><div class=\"is-default-size wp-block-site-logo\"><a href=\"https:\/\/redcientificacol.org\/\" class=\"custom-logo-link\" rel=\"home\"><img loading=\"lazy\" decoding=\"async\" width=\"461\" height=\"255\" src=\"https:\/\/redcientificacol.org\/wp-content\/uploads\/2023\/09\/cropped-cropped-Logo-red-web-official@4x-1.png\" class=\"custom-logo\" alt=\"Red Cientifica Colombia\" srcset=\"https:\/\/redcientificacol.org\/wp-content\/uploads\/2023\/09\/cropped-cropped-Logo-red-web-official@4x-1.png 461w, https:\/\/redcientificacol.org\/wp-content\/uploads\/2023\/09\/cropped-cropped-Logo-red-web-official@4x-1-300x166.png 300w\" sizes=\"auto, (max-width: 461px) 100vw, 461px\" \/><\/a><\/div>\n\n<h1 class=\"has-link-color wp-elements-f1e98d6c897e424c7d4e8232ded39f0a wp-block-site-title\"><a href=\"https:\/\/redcientificacol.org\" target=\"_self\" rel=\"home\">Red Cientifica Colombia<\/a><\/h1><\/div>\n\n\n\n<div class=\"wp-block-group is-layout-flex wp-block-group-is-layout-flex\"><nav class=\"is-responsive items-justified-right wp-block-navigation is-content-justification-right is-layout-flex wp-container-core-navigation-is-layout-f665d2b5 wp-block-navigation-is-layout-flex\" aria-label=\"Navigation\" \n\t\t data-wp-interactive=\"core\/navigation\" data-wp-context='{\"overlayOpenedBy\":{\"click\":false,\"hover\":false,\"focus\":false},\"type\":\"overlay\",\"roleAttribute\":\"\",\"ariaLabel\":\"Menu\"}'><button aria-haspopup=\"dialog\" aria-label=\"Open menu\" class=\"wp-block-navigation__responsive-container-open\" \n\t\t\t\tdata-wp-on--click=\"actions.openMenuOnClick\"\n\t\t\t\tdata-wp-on--keydown=\"actions.handleMenuKeydown\"\n\t\t\t><svg width=\"24\" height=\"24\" xmlns=\"http:\/\/www.w3.org\/2000\/svg\" viewBox=\"0 0 24 24\" aria-hidden=\"true\" focusable=\"false\"><path d=\"M4 7.5h16v1.5H4z\"><\/path><path d=\"M4 15h16v1.5H4z\"><\/path><\/svg><\/button>\n\t\t\t\t<div class=\"wp-block-navigation__responsive-container\"  id=\"modal-1\" \n\t\t\t\tdata-wp-class--has-modal-open=\"state.isMenuOpen\"\n\t\t\t\tdata-wp-class--is-menu-open=\"state.isMenuOpen\"\n\t\t\t\tdata-wp-watch=\"callbacks.initMenu\"\n\t\t\t\tdata-wp-on--keydown=\"actions.handleMenuKeydown\"\n\t\t\t\tdata-wp-on--focusout=\"actions.handleMenuFocusout\"\n\t\t\t\ttabindex=\"-1\"\n\t\t\t>\n\t\t\t\t\t<div class=\"wp-block-navigation__responsive-close\" tabindex=\"-1\">\n\t\t\t\t\t\t<div class=\"wp-block-navigation__responsive-dialog\" \n\t\t\t\tdata-wp-bind--aria-modal=\"state.ariaModal\"\n\t\t\t\tdata-wp-bind--aria-label=\"state.ariaLabel\"\n\t\t\t\tdata-wp-bind--role=\"state.roleAttribute\"\n\t\t\t>\n\t\t\t\t\t\t\t<button aria-label=\"Close menu\" class=\"wp-block-navigation__responsive-container-close\" \n\t\t\t\tdata-wp-on--click=\"actions.closeMenuOnClick\"\n\t\t\t><svg xmlns=\"http:\/\/www.w3.org\/2000\/svg\" viewBox=\"0 0 24 24\" width=\"24\" height=\"24\" aria-hidden=\"true\" focusable=\"false\"><path d=\"m13.06 12 6.47-6.47-1.06-1.06L12 10.94 5.53 4.47 4.47 5.53 10.94 12l-6.47 6.47 1.06 1.06L12 13.06l6.47 6.47 1.06-1.06L13.06 12Z\"><\/path><\/svg><\/button>\n\t\t\t\t\t\t\t<div class=\"wp-block-navigation__responsive-container-content\" \n\t\t\t\tdata-wp-watch=\"callbacks.focusFirstElement\"\n\t\t\t id=\"modal-1-content\">\n\t\t\t\t\t\t\t\t<ul class=\"wp-block-navigation__container is-responsive items-justified-right wp-block-navigation\"><li class=\" wp-block-navigation-item wp-block-navigation-link\"><a class=\"wp-block-navigation-item__content\"  href=\"https:\/\/redcientificacol.org\/index.php\/contacto\/\"><span class=\"wp-block-navigation-item__label\">\u00danete al directorio<\/span><\/a><\/li><li class=\" wp-block-navigation-item wp-block-navigation-link\"><a class=\"wp-block-navigation-item__content\"  href=\"https:\/\/redcientificacol.org\/index.php\/acerca-del-proyecto\/\"><span class=\"wp-block-navigation-item__label\">Proyecto<\/span><\/a><\/li><li class=\" wp-block-navigation-item wp-block-navigation-link\"><a class=\"wp-block-navigation-item__content\"  href=\"https:\/\/redcientificacol.org\/index.php\/red-de-redes-2\/\"><span class=\"wp-block-navigation-item__label\">Red de Redes<\/span><\/a><\/li><li class=\" wp-block-navigation-item wp-block-navigation-link\"><a class=\"wp-block-navigation-item__content\"  href=\"https:\/\/redcientificacol.org\/index.php\/equipo-de-trabajo\/\"><span class=\"wp-block-navigation-item__label\">Equipo de trabajo<\/span><\/a><\/li><li class=\" wp-block-navigation-item wp-block-navigation-link\"><a class=\"wp-block-navigation-item__content\"  href=\"https:\/\/redcientificacol.org\/index.php\/cop16-colombia\/\"><span class=\"wp-block-navigation-item__label\">Diplomacia Cient\u00edfica<\/span><\/a><\/li><\/ul>\n\t\t\t\t\t\t\t<\/div>\n\t\t\t\t\t\t<\/div>\n\t\t\t\t\t<\/div>\n\t\t\t\t<\/div><\/nav><\/div>\n<\/div>\n<\/div>\n\n\n\n<div class=\"wp-block-group alignwide has-global-padding is-layout-constrained wp-block-group-is-layout-constrained\">\n<div class=\"wp-block-columns is-layout-flex wp-container-core-columns-is-layout-28f84493 wp-block-columns-is-layout-flex\">\n<div class=\"wp-block-column is-layout-flow wp-block-column-is-layout-flow\">\n<div class=\"wp-block-group has-global-padding is-layout-constrained wp-block-group-is-layout-constrained\">\n<p class=\"has-larger-font-size\"><strong>Acerca de este proyecto:<\/strong><\/p>\n\n\n\n<p><strong>El Directorio de Di\u00e1spora Cient\u00edfica Colombiana<\/strong> surgi\u00f3 con la idea de construir una plataforma interactiva que facilitara la conexi\u00f3n entre profesores, investigadores, estudiantes, instituciones de educaci\u00f3n superior, institutos de investigaci\u00f3n y fuentes de financiamiento para generar procesos de articulaci\u00f3n que permitan apalancar recursos econ\u00f3micos para desarrollar proyectos de investigaci\u00f3n en Colombia.\u00a0\u00a0<\/p>\n\n\n\n<p><strong>Apoyar<\/strong> alianzas estrat\u00e9gicas para el apalancamiento de recursos financieros y en especie para el desarrollo de iniciativas y proyectos liderados por la di\u00e1spora cient\u00edfica colombiana.\u00a0\u00a0<\/p>\n\n\n\n<p><strong>Conectar <\/strong>a la di\u00e1spora cient\u00edfica colombiana con sus pares en el exterior, en Colombia, con hacedores de pol\u00edtica p\u00fablica y agencias de financiamiento.\u00a0<\/p>\n\n\n\n<p class=\"has-normal-font-size\"><strong>Promover<\/strong> iniciativas acad\u00e9micas, de investigaci\u00f3n y de cooperaci\u00f3n entre la di\u00e1spora cient\u00edfica colombiana e instituciones de educaci\u00f3n superior e institutos de investigaci\u00f3n en Colombia en articulaci\u00f3n con comunidades y a los sectores productivos del pa\u00eds<\/p>\n<\/div>\n<\/div>\n<\/div>\n<\/div>\n\n\n\n<div class=\"wp-block-group alignwide has-global-padding is-layout-constrained wp-block-group-is-layout-constrained\">\n<div class=\"wp-block-columns are-vertically-aligned-center is-layout-flex wp-container-core-columns-is-layout-28f84493 wp-block-columns-is-layout-flex\">\n<div class=\"wp-block-column is-vertically-aligned-center is-layout-flow wp-block-column-is-layout-flow\" style=\"flex-basis:800px\">\n<div class=\"wp-block-group alignfull has-global-padding is-layout-constrained wp-block-group-is-layout-constrained\">\n<div class=\"wp-block-group has-global-padding is-layout-constrained wp-block-group-is-layout-constrained\">\n<p class=\"has-larger-font-size\"><strong>Nuestra Misi\u00f3n<\/strong><\/p>\n\n\n\n<p>Servir como una plataforma para conectar a la di\u00e1spora cient\u00edfica colombiana, con el objetivo de generar iniciativas que retribuyan al ecosistema cient\u00edfico del pa\u00eds, promoviendo proyectos de investigaci\u00f3n colaborativa con impacto directo a las comunidades y a los sectores productivos.\u00a0<\/p>\n\n\n\n<p><strong>Visi\u00f3n\u00a0<\/strong><\/p>\n\n\n\n<p>Ser el directorio virtual de la di\u00e1spora cient\u00edfica colombiana, con el mayor n\u00famero de registros, integrando informaci\u00f3n de las diferentes redes a nivel global bajo una plataforma de red de redes.\u00a0\u00a0<\/p>\n\n\n\n<p><strong>Objetivo de la organizaci\u00f3n<\/strong>\u00a0<\/p>\n\n\n\n<ol start=\"1\" class=\"wp-block-list\">\n<li>Conectar a la di\u00e1spora cient\u00edfica colombiana con sus pares en el exterior, en Colombia, con hacedores de pol\u00edtica p\u00fablica y agencias de financiamiento.\u00a0<\/li>\n<\/ol>\n\n\n\n<ol start=\"2\" class=\"wp-block-list\">\n<li>Promover iniciativas acad\u00e9micas, de investigaci\u00f3n y de cooperaci\u00f3n entre la di\u00e1spora cient\u00edfica colombiana e instituciones de educaci\u00f3n superior e institutos de investigaci\u00f3n en Colombia en articulaci\u00f3n con comunidades y a los sectores productivos del pa\u00eds.\u00a0\u00a0<\/li>\n<\/ol>\n\n\n\n<p>Apoyar alianzas estrat\u00e9gicas para el apalancamiento de recursos financieros y en especie para el desarrollo de iniciativas y proyectos liderados por la di\u00e1spora cient\u00edfica colombiana.\u00a0\u00a0<\/p>\n<\/div>\n<\/div>\n<\/div>\n<\/div>\n<\/div>\n\n\n\n<div class=\"wp-block-group alignwide is-layout-grid wp-container-core-group-is-layout-478b6e6b wp-block-group-is-layout-grid\"><\/div>\n\n\n\n<figure class=\"wp-block-image alignfull size-full\"><img loading=\"lazy\" decoding=\"async\" width=\"2048\" height=\"202\" src=\"https:\/\/redcientificacol.org\/wp-content\/uploads\/2024\/07\/image-3.png\" alt=\"\" class=\"wp-image-1444\" srcset=\"https:\/\/redcientificacol.org\/wp-content\/uploads\/2024\/07\/image-3.png 2048w, https:\/\/redcientificacol.org\/wp-content\/uploads\/2024\/07\/image-3-300x30.png 300w, https:\/\/redcientificacol.org\/wp-content\/uploads\/2024\/07\/image-3-1024x101.png 1024w, https:\/\/redcientificacol.org\/wp-content\/uploads\/2024\/07\/image-3-768x76.png 768w, https:\/\/redcientificacol.org\/wp-content\/uploads\/2024\/07\/image-3-1536x152.png 1536w\" sizes=\"auto, (max-width: 2048px) 100vw, 2048px\" \/><\/figure>\n\n\n\n<hr class=\"wp-block-separator has-css-opacity is-style-wide\"\/>\n\n\n\n<pre class=\"wp-block-preformatted\"><\/pre>\n\n\n\n<p><\/p>\n","protected":false},"excerpt":{"rendered":"<p>Acerca de este proyecto: El Directorio de Di\u00e1spora Cient\u00edfica Colombiana surgi\u00f3 con la idea de construir una plataforma interactiva que facilitara la conexi\u00f3n entre profesores, investigadores, estudiantes, instituciones de educaci\u00f3n superior, institutos de investigaci\u00f3n y fuentes de financiamiento para generar procesos de articulaci\u00f3n que permitan apalancar recursos econ\u00f3micos para desarrollar proyectos de investigaci\u00f3n en Colombia.\u00a0\u00a0 [&hellip;]<\/p>\n","protected":false},"author":4,"featured_media":0,"parent":0,"menu_order":0,"comment_status":"closed","ping_status":"closed","template":"","meta":{"_gspb_post_css":"","_monsterinsights_skip_tracking":false,"_monsterinsights_sitenote_active":false,"_monsterinsights_sitenote_note":"","_monsterinsights_sitenote_category":0,"_uf_show_specific_survey":0,"_uf_disable_surveys":false,"footnotes":""},"class_list":["post-649","page","type-page","status-publish","hentry"],"aioseo_notices":[],"_links":{"self":[{"href":"https:\/\/redcientificacol.org\/index.php\/wp-json\/wp\/v2\/pages\/649","targetHints":{"allow":["GET"]}}],"collection":[{"href":"https:\/\/redcientificacol.org\/index.php\/wp-json\/wp\/v2\/pages"}],"about":[{"href":"https:\/\/redcientificacol.org\/index.php\/wp-json\/wp\/v2\/types\/page"}],"author":[{"embeddable":true,"href":"https:\/\/redcientificacol.org\/index.php\/wp-json\/wp\/v2\/users\/4"}],"replies":[{"embeddable":true,"href":"https:\/\/redcientificacol.org\/index.php\/wp-json\/wp\/v2\/comments?post=649"}],"version-history":[{"count":0,"href":"https:\/\/redcientificacol.org\/index.php\/wp-json\/wp\/v2\/pages\/649\/revisions"}],"wp:attachment":[{"href":"https:\/\/redcientificacol.org\/index.php\/wp-json\/wp\/v2\/media?parent=649"}],"curies":[{"name":"wp","href":"https:\/\/api.w.org\/{rel}","templated":true}]}}